{"id":66,"date":"2020-03-05T20:23:07","date_gmt":"2020-03-05T19:23:07","guid":{"rendered":"http:\/\/wgsr.uw.edu.pl\/pisg\/?page_id=66"},"modified":"2026-04-20T17:03:03","modified_gmt":"2026-04-20T17:03:03","slug":"redakcja","status":"publish","type":"page","link":"https:\/\/pisg.wgsr.uw.edu.pl\/?page_id=66","title":{"rendered":"Redakcja"},"content":{"rendered":"\r\n<h3 class=\"wp-block-heading\">Adres Redakcji<\/h3>\r\n\r\n\r\n\r\n<p>Wydzia\u0142 Geografii i Studi\u00f3w Regionalnych Uniwersytetu Warszawskiego<br \/>ul. Krakowskie Przedmie\u015bcie 30<br \/>00-927 Warszawa<br \/>e-mail: <a href=\"mailto:pisg.redakcja@uw.edu.pl\">pisg.redakcja@uw.edu.pl<\/a><\/p>\r\n\r\n\r\n\r\n<h3 class=\"wp-block-heading\"><strong>Redaktor naczelny<\/strong><\/h3>\r\n\r\n\r\n\r\n<p>dr hab. Miko\u0142aj Madurowicz (Uniwersytet Warszawski, Wydzia\u0142 Geografii i Studi\u00f3w Regionalnych), ORCID: 0000\u20130002\u20139234\u20138930<\/p>\r\n\r\n\r\n\r\n<h3 class=\"wp-block-heading\"><strong>Zast\u0119pca Redaktora naczelnego<\/strong><\/h3>\r\n\r\n\r\n\r\n<p>dr hab. Ma\u0142gorzata Durydiwka, prof. ucz. (Uniwersytet Warszawski, Wydzia\u0142 Geografii i Studi\u00f3w Regionalnych), ORCID: 0000-0001-8891-3215<\/p>\r\n\r\n\r\n\r\n<h3 class=\"wp-block-heading\"><strong>Sekretarz redakcji<\/strong><\/h3>\r\n\r\n\r\n\r\n<p>mgr in\u017c. arch. kraj. Marta Szczepa\u0144ska (Uniwersytet Warszawski, Wydzia\u0142 Geografii i Studi\u00f3w Regionalnych), ORCID: 0000-0002-5769-407X<\/p>\r\n\r\n\r\n\r\n<h3 class=\"wp-block-heading\"><strong>Redaktorzy tematyczni<\/strong><\/h3>\r\n\r\n\r\n\r\n<p><em>geografia spo\u0142eczno-ekonomiczna, geografia miast<\/em><br \/>dr hab. Dorota Mantey, prof. ucz. (Uniwersytet Warszawski, Wydzia\u0142 Geografii i Studi\u00f3w Regionalnych), ORCID: 0000-0001-5653-4077<br \/>dr Magdalena Szmytkowska (Uniwersytet Gda\u0144ski, Wydzia\u0142 Nauk Spo\u0142ecznych), ORCID: 0000-0002-1504-6832<br \/>dr hab. Robert Szmytkie, prof. UWr (Uniwersytet Wroc\u0142awski, Wydzia\u0142 Nauk o Ziemi i Kszta\u0142towania \u015arodowiska), ORCID: 0000-0001-6415-9342<br \/>dr Magdalena Fuhrmann (Uniwersytet Warszawski, Wydzia\u0142 Geografii i Studi\u00f3w Regionalnych), ORCID: 0000-0002-7015-6356<\/p>\r\n\r\n\r\n\r\n<p><em>gospodarka przestrzenna<\/em><br \/>dr Joanna Krukowska (Uniwersytet Warszawski, Wydzia\u0142 Geografii i Studi\u00f3w Regionalnych), ORCID: 0000-0002-9017-659X<br \/>dr in\u017c. arch. Laura Kochel (Uniwersytet Ekonomiczny w Krakowie, Kolegium Gospodarki i Administracji Publicznej), ORCID: 0000-0002-8909-2444<\/p>\r\n\r\n\r\n\r\n<p><em>geografia turystyki<\/em><br \/>dr Katarzyna Duda-Gromada (Uniwersytet Warszawski, Wydzia\u0142 Geografii i Studi\u00f3w Regionalnych), ORCID: 0000-0002-5324-7782<br \/>dr Ilona Potocka (Uniwersytet im. Adama Mickiewicza w Poznaniu, Wydzia\u0142 Nauk Geograficznych i Geologicznych), ORCID: 0000-0003-0606-8113<br \/>dr Joanna Kowalczyk-Anio\u0142 (Uniwersytet \u0141\u00f3dzki, Wydzia\u0142 Nauk Geograficznych), ORCID: 0000-0002-1547-9304<\/p>\r\n<p><em>geografia kultury i dziedzictwa<\/em><br \/>dr Aleksandra Korpysz-Wi\u015bniewska (Uniwersytet Warszawski, Wydzia\u0142 Geografii i Studi\u00f3w Regionalnych), ORCID: 0000-0002-7003-5546<br \/>dr Marta Raczy\u0144ska-Kruk (Uniwersytet Warszawski, Wydzia\u0142 Geografii i Studi\u00f3w Regionalnych), ORCID: 0000-0002-1792-5267<\/p>\r\n\r\n\r\n\r\n<p><em>studia regionalne, geografia polityczna<\/em><br \/>dr Anna Dudek (Uniwersytet Warszawski, Wydzia\u0142 Geografii i Studi\u00f3w Regionalnych), ORCID: 0000-0001-8336-9468<br \/>dr hab. \u0141ukasz Miku\u0142a, prof. UAM (Uniwersytet im. Adama Mickiewicza w Poznaniu, Wydzia\u0142 Geografii Spo\u0142eczno-Ekonomicznej i Gospodarki Przestrzennej), ORCID: 0000-0001-9276-4574<br \/>dr Krzysztof G\u00f3rny (Uniwersytet Warszawski, Wydzia\u0142 Geografii i Studi\u00f3w Regionalnych), ORCID: 0000-0002-8088-3389<\/p>\r\n\r\n\r\n\r\n<p><em>geografia fizyczna, geomorfologia<\/em><br \/>dr hab. Ewa Smolska, prof. ucz. (Uniwersytet Warszawski, Wydzia\u0142 Geografii i Studi\u00f3w Regionalnych), ORCID: 0000-0002-1131-0421<br \/>dr hab. Jolanta \u015awi\u0119chowicz, prof. ucz. (Uniwersytet Jagiello\u0144ski, Wydzia\u0142 Geografii i Geologii), ORCID: 0000-0002-0040-8378<br \/>dr hab. Andrzej Harasimiuk (Uniwersytet Warszawski, Wydzia\u0142 Geografii i Studi\u00f3w Regionalnych), ORCID: 0000-0002-9617-929X<\/p>\r\n<p><em>hydrologia<\/em><br \/>dr Maciej Lenartowicz (Uniwersytet Warszawski, Wydzia\u0142 Geografii i Studi\u00f3w Regionalnych)<br \/>dr Jaros\u0142aw Sucho\u017cebrski (Uniwersytet Warszawski, Wydzia\u0142 Geografii i Studi\u00f3w Regionalnych), ORCID: 0000-0003-4066-8139<br \/>dr Maksym \u0141aszewski (Uniwersytet Warszawski, Wydzia\u0142 Geografii i Studi\u00f3w Regionalnych), ORCID:0000-0003-3066-269X<\/p>\r\n\r\n\r\n\r\n<p><em>meteorologia i klimatologia<\/em><br \/>dr Kamil Leziak (Uniwersytet Warszawski, Wydzia\u0142 Geografii i Studi\u00f3w Regionalnych), ORCID: 0000-0003-0858-8163<\/p>\r\n\r\n\r\n\r\n<p><em>kartografia, geoinformatyka <\/em><br \/>dr Anna Markowska (Instytut Geodezji i Kartografii), ORCID: 0000-0001-8446-6171<br \/>dr Karolina Wereszczy\u0144ska (Uniwersytet Miko\u0142aja Kopernika w Toruniu, Wydzia\u0142 Nauk Historycznych), ORCID: 0000-0003-2330-2426<\/p>\r\n\r\n\r\n\r\n<p><em>statystyka<\/em><br \/>dr Jaros\u0142aw Sucho\u017cebrski (Uniwersytet Warszawski, Wydzia\u0142 Geografii i Studi\u00f3w Regionalnych), ORCID: 0000-0003-4066-8139<br \/>dr Marek Pieni\u0105\u017cek (G\u0142\u00f3wny Urz\u0105d Statystyczny)<\/p>\r\n\r\n\r\n\r\n<h3 class=\"wp-block-heading\"><strong>Redaktorzy j\u0119zykowi<\/strong><\/h3>\r\n\r\n\r\n\r\n<p>dr hab. Ma\u0142gorzata Durydiwka, prof. ucz. (j. polski)<br \/>mgr Wirginia Aksztejn (j. angielski)<br \/>mgr Ireneusz Badura (j. angielski)<br \/>mgr Ma\u0142gorzata Klein (j. angielski)<\/p>\r\n\r\n\r\n\r\n<h3 class=\"wp-block-heading\"><strong>Rada Naukowa<\/strong><\/h3>\r\n<p>prof. dr hab. Tomasz Kaczmarek &#8211; Uniwersytet im. Adama Mickiewicza w Poznaniu<br \/>dr hab. Beata Konopska, prof. UMCS \u2013 Uniwersytet Marii Curie-Sk\u0142odowskiej w Lublinie<br \/>prof. dr hab. Kazimierz Kuci\u0144ski \u2013 Szko\u0142a G\u0142\u00f3wna Handlowa w Warszawie<br \/>prof. dr hab. Andrzej Lisowski \u2013 Uniwersytet Warszawski<br \/>prof. dr hab. Jan \u0141oboda \u2013 Uniwersytet Wroc\u0142awski<br \/>prof. dr hab. Marta Malska \u2013 Lwowski Uniwersytet Narodowy im. Iwana Franki, Lw\u00f3w, Ukraina<br \/>dr hab. Miros\u0142aw Mika, prof. UJ \u2013 Uniwersytet Jagiello\u0144ski w Krakowie<br \/>dr hab. Armin Mikos von Rohrscheidt, prof. GSW \u2013 Gnie\u017anie\u0144ska Szko\u0142a Wy\u017csza Milenium <br \/>dr hab. Urszula Myga-Pi\u0105tek, prof. U\u015a \u2013 Uniwersytet \u015al\u0105ski w Katowicach<br \/>prof. dr hab. Andrzej Richling \u2013 Uniwersytet Warszawski<br \/>dr Ryszard E. R\u00f3zga Luter \u2013 Universidad Aut\u00f3noma Metropolitana Unidad Lerma, Meksyk<br \/>prof. dr hab. Iwona Sagan \u2013 Uniwersytet Gda\u0144ski <br \/>prof. dr hab. Tadeusz Siwek \u2013 Uniwersytet Ostrawski, Ostrawa, Czechy <br \/><span style=\"border: 1px solid black; padding: 1px; display: inline-block;\">dr hab. Maria Skoczek, prof. UW \u2013 Uniwersytet Warszawski<\/span><br \/>dr Marianna Strzelecka \u2013 Linnaeus University, Kalmar, Szwecja<\/p>\r\n\r\n\r\n\r\n\r\n\r\n<h3 class=\"wp-block-heading\"><strong>Redakcja strony internetowej <\/strong><\/h3>\r\n\r\n\r\n\r\n<p>dr Jaros\u0142aw Sucho\u017cebrski <br \/>mgr in\u017c. arch. kraj. Marta Szczepa\u0144ska<\/p>\r\n","protected":false},"excerpt":{"rendered":"<p>Adres Redakcji Wydzia\u0142 Geografii i Studi\u00f3w Regionalnych Uniwersytetu Warszawskiegoul. Krakowskie Przedmie\u015bcie 3000-927 Warszawae-mail: pisg.redakcja@uw.edu.pl Redaktor naczelny dr hab. Miko\u0142aj Madurowicz (Uniwersytet Warszawski, Wydzia\u0142 Geografii i Studi\u00f3w Regionalnych), ORCID: 0000\u20130002\u20139234\u20138930 Zast\u0119pca Redaktora naczelnego dr hab. Ma\u0142gorzata Durydiwka, prof. ucz. (Uniwersytet Warszawski, Wydzia\u0142 Geografii i Studi\u00f3w Regionalnych), ORCID: 0000-0001-8891-3215 Sekretarz redakcji mgr in\u017c. arch. kraj. Marta Szczepa\u0144ska [&hellip;]<\/p>\n","protected":false},"author":2,"featured_media":0,"parent":0,"menu_order":0,"comment_status":"closed","ping_status":"closed","template":"","meta":{"_monsterinsights_skip_tracking":false,"_monsterinsights_sitenote_active":false,"_monsterinsights_sitenote_note":"","_monsterinsights_sitenote_category":0,"footnotes":""},"class_list":["post-66","page","type-page","status-publish","hentry","post"],"yoast_head":"<!-- This site is optimized with the Yoast SEO plugin v27.6 - https:\/\/yoast.com\/product\/yoast-seo-wordpress\/ -->\n<title>Redakcja - Prace i Studia Geograficzne | Studies in Geography<\/title>\n<meta name=\"description\" content=\"Redakcja czasopisma: Wydzia\u0142 Geografii i Studi\u00f3w Regionalnych Uniwersytetu Warszawskiego, ul. Krakowskie Przedmie\u015bcie 30, 00-927 Warszawa\" \/>\n<meta name=\"robots\" content=\"index, follow, max-snippet:-1, max-image-preview:large, max-video-preview:-1\" \/>\n<link rel=\"canonical\" href=\"https:\/\/pisg.wgsr.uw.edu.pl\/?page_id=66\" \/>\n<meta property=\"og:locale\" content=\"pl_PL\" \/>\n<meta property=\"og:type\" content=\"article\" \/>\n<meta property=\"og:title\" content=\"Redakcja - Prace i Studia Geograficzne | Studies in Geography\" \/>\n<meta property=\"og:description\" content=\"Redakcja czasopisma: Wydzia\u0142 Geografii i Studi\u00f3w Regionalnych Uniwersytetu Warszawskiego, ul. Krakowskie Przedmie\u015bcie 30, 00-927 Warszawa\" \/>\n<meta property=\"og:url\" content=\"https:\/\/pisg.wgsr.uw.edu.pl\/?page_id=66\" \/>\n<meta property=\"og:site_name\" content=\"Prace i Studia Geograficzne | Studies in Geography\" \/>\n<meta property=\"article:modified_time\" content=\"2026-04-20T17:03:03+00:00\" \/>\n<meta name=\"twitter:card\" content=\"summary_large_image\" \/>\n<meta name=\"twitter:label1\" content=\"Szacowany czas czytania\" \/>\n\t<meta name=\"twitter:data1\" content=\"4 minuty\" \/>\n<script type=\"application\/ld+json\" class=\"yoast-schema-graph\">{\"@context\":\"https:\\\/\\\/schema.org\",\"@graph\":[{\"@type\":\"WebPage\",\"@id\":\"https:\\\/\\\/pisg.wgsr.uw.edu.pl\\\/?page_id=66\",\"url\":\"https:\\\/\\\/pisg.wgsr.uw.edu.pl\\\/?page_id=66\",\"name\":\"Redakcja - Prace i Studia Geograficzne | Studies in Geography\",\"isPartOf\":{\"@id\":\"https:\\\/\\\/pisg.wgsr.uw.edu.pl\\\/#website\"},\"datePublished\":\"2020-03-05T19:23:07+00:00\",\"dateModified\":\"2026-04-20T17:03:03+00:00\",\"description\":\"Redakcja czasopisma: Wydzia\u0142 Geografii i Studi\u00f3w Regionalnych Uniwersytetu Warszawskiego, ul. Krakowskie Przedmie\u015bcie 30, 00-927 Warszawa\",\"breadcrumb\":{\"@id\":\"https:\\\/\\\/pisg.wgsr.uw.edu.pl\\\/?page_id=66#breadcrumb\"},\"inLanguage\":\"pl-PL\",\"potentialAction\":[{\"@type\":\"ReadAction\",\"target\":[\"https:\\\/\\\/pisg.wgsr.uw.edu.pl\\\/?page_id=66\"]}]},{\"@type\":\"BreadcrumbList\",\"@id\":\"https:\\\/\\\/pisg.wgsr.uw.edu.pl\\\/?page_id=66#breadcrumb\",\"itemListElement\":[{\"@type\":\"ListItem\",\"position\":1,\"name\":\"Strona g\u0142\u00f3wna\",\"item\":\"https:\\\/\\\/pisg.wgsr.uw.edu.pl\\\/\"},{\"@type\":\"ListItem\",\"position\":2,\"name\":\"Redakcja\"}]},{\"@type\":\"WebSite\",\"@id\":\"https:\\\/\\\/pisg.wgsr.uw.edu.pl\\\/#website\",\"url\":\"https:\\\/\\\/pisg.wgsr.uw.edu.pl\\\/\",\"name\":\"Prace i Studia Geograficzne | Studies in Geography\",\"description\":\"Prace i Studia Geograficzne s\u0105 recenzowanym czasopismem wydawanym przez Wydzia\u0142 Geografii i Studi\u00f3w Regionalnych Uniwersytetu Warszawskiego\",\"potentialAction\":[{\"@type\":\"SearchAction\",\"target\":{\"@type\":\"EntryPoint\",\"urlTemplate\":\"https:\\\/\\\/pisg.wgsr.uw.edu.pl\\\/?s={search_term_string}\"},\"query-input\":{\"@type\":\"PropertyValueSpecification\",\"valueRequired\":true,\"valueName\":\"search_term_string\"}}],\"inLanguage\":\"pl-PL\"}]}<\/script>\n<!-- \/ Yoast SEO plugin. -->","yoast_head_json":{"title":"Redakcja - Prace i Studia Geograficzne | Studies in Geography","description":"Redakcja czasopisma: Wydzia\u0142 Geografii i Studi\u00f3w Regionalnych Uniwersytetu Warszawskiego, ul. Krakowskie Przedmie\u015bcie 30, 00-927 Warszawa","robots":{"index":"index","follow":"follow","max-snippet":"max-snippet:-1","max-image-preview":"max-image-preview:large","max-video-preview":"max-video-preview:-1"},"canonical":"https:\/\/pisg.wgsr.uw.edu.pl\/?page_id=66","og_locale":"pl_PL","og_type":"article","og_title":"Redakcja - Prace i Studia Geograficzne | Studies in Geography","og_description":"Redakcja czasopisma: Wydzia\u0142 Geografii i Studi\u00f3w Regionalnych Uniwersytetu Warszawskiego, ul. Krakowskie Przedmie\u015bcie 30, 00-927 Warszawa","og_url":"https:\/\/pisg.wgsr.uw.edu.pl\/?page_id=66","og_site_name":"Prace i Studia Geograficzne | Studies in Geography","article_modified_time":"2026-04-20T17:03:03+00:00","twitter_card":"summary_large_image","twitter_misc":{"Szacowany czas czytania":"4 minuty"},"schema":{"@context":"https:\/\/schema.org","@graph":[{"@type":"WebPage","@id":"https:\/\/pisg.wgsr.uw.edu.pl\/?page_id=66","url":"https:\/\/pisg.wgsr.uw.edu.pl\/?page_id=66","name":"Redakcja - Prace i Studia Geograficzne | Studies in Geography","isPartOf":{"@id":"https:\/\/pisg.wgsr.uw.edu.pl\/#website"},"datePublished":"2020-03-05T19:23:07+00:00","dateModified":"2026-04-20T17:03:03+00:00","description":"Redakcja czasopisma: Wydzia\u0142 Geografii i Studi\u00f3w Regionalnych Uniwersytetu Warszawskiego, ul. Krakowskie Przedmie\u015bcie 30, 00-927 Warszawa","breadcrumb":{"@id":"https:\/\/pisg.wgsr.uw.edu.pl\/?page_id=66#breadcrumb"},"inLanguage":"pl-PL","potentialAction":[{"@type":"ReadAction","target":["https:\/\/pisg.wgsr.uw.edu.pl\/?page_id=66"]}]},{"@type":"BreadcrumbList","@id":"https:\/\/pisg.wgsr.uw.edu.pl\/?page_id=66#breadcrumb","itemListElement":[{"@type":"ListItem","position":1,"name":"Strona g\u0142\u00f3wna","item":"https:\/\/pisg.wgsr.uw.edu.pl\/"},{"@type":"ListItem","position":2,"name":"Redakcja"}]},{"@type":"WebSite","@id":"https:\/\/pisg.wgsr.uw.edu.pl\/#website","url":"https:\/\/pisg.wgsr.uw.edu.pl\/","name":"Prace i Studia Geograficzne | Studies in Geography","description":"Prace i Studia Geograficzne s\u0105 recenzowanym czasopismem wydawanym przez Wydzia\u0142 Geografii i Studi\u00f3w Regionalnych Uniwersytetu Warszawskiego","potentialAction":[{"@type":"SearchAction","target":{"@type":"EntryPoint","urlTemplate":"https:\/\/pisg.wgsr.uw.edu.pl\/?s={search_term_string}"},"query-input":{"@type":"PropertyValueSpecification","valueRequired":true,"valueName":"search_term_string"}}],"inLanguage":"pl-PL"}]}},"_links":{"self":[{"href":"https:\/\/pisg.wgsr.uw.edu.pl\/index.php?rest_route=\/wp\/v2\/pages\/66","targetHints":{"allow":["GET"]}}],"collection":[{"href":"https:\/\/pisg.wgsr.uw.edu.pl\/index.php?rest_route=\/wp\/v2\/pages"}],"about":[{"href":"https:\/\/pisg.wgsr.uw.edu.pl\/index.php?rest_route=\/wp\/v2\/types\/page"}],"author":[{"embeddable":true,"href":"https:\/\/pisg.wgsr.uw.edu.pl\/index.php?rest_route=\/wp\/v2\/users\/2"}],"replies":[{"embeddable":true,"href":"https:\/\/pisg.wgsr.uw.edu.pl\/index.php?rest_route=%2Fwp%2Fv2%2Fcomments&post=66"}],"version-history":[{"count":17,"href":"https:\/\/pisg.wgsr.uw.edu.pl\/index.php?rest_route=\/wp\/v2\/pages\/66\/revisions"}],"predecessor-version":[{"id":4614,"href":"https:\/\/pisg.wgsr.uw.edu.pl\/index.php?rest_route=\/wp\/v2\/pages\/66\/revisions\/4614"}],"wp:attachment":[{"href":"https:\/\/pisg.wgsr.uw.edu.pl\/index.php?rest_route=%2Fwp%2Fv2%2Fmedia&parent=66"}],"curies":[{"name":"wp","href":"https:\/\/api.w.org\/{rel}","templated":true}]}}